{"id":248232,"date":"2024-04-03T19:39:43","date_gmt":"2024-04-03T19:39:43","guid":{"rendered":"https:\/\/staging.synaxiom.com\/terms-of-use\/"},"modified":"2024-07-26T18:36:53","modified_gmt":"2024-07-26T18:36:53","slug":"condition-dutilisation","status":"publish","type":"page","link":"https:\/\/www.synaxiom.com\/fr\/condition-dutilisation\/","title":{"rendered":"Condition d&#8217;Utilisation &#8211; 2024"},"content":{"rendered":"<p>[et_pb_section fb_built=&#8221;1&#8243; disabled_on=&#8221;off|off|off&#8221; _builder_version=&#8221;4.24.2&#8243; _module_preset=&#8221;default&#8221; background_color=&#8221;#000000&#8243; background_enable_image=&#8221;off&#8221; background_blend=&#8221;multiply&#8221; custom_padding=&#8221;6vw||6vw||true|false&#8221; global_colors_info=&#8221;{}&#8221;][et_pb_row _builder_version=&#8221;4.24.2&#8243; _module_preset=&#8221;default&#8221; global_colors_info=&#8221;{}&#8221;][et_pb_column type=&#8221;4_4&#8243; _builder_version=&#8221;4.24.2&#8243; _module_preset=&#8221;default&#8221; global_colors_info=&#8221;{}&#8221;][et_pb_text _builder_version=&#8221;4.25.2&#8243; _module_preset=&#8221;default&#8221; text_text_color=&#8221;#FFFFFF&#8221; text_font_size=&#8221;17px&#8221; header_font=&#8221;|||on|||||&#8221; header_text_align=&#8221;center&#8221; header_text_color=&#8221;#0075bf&#8221; header_font_size=&#8221;45px&#8221; header_2_font=&#8221;||||||||&#8221; header_2_text_align=&#8221;left&#8221; header_2_text_color=&#8221;#FFFFFF&#8221; header_2_font_size=&#8221;24px&#8221; header_3_text_color=&#8221;#f8c000&#8243; header_3_font_size=&#8221;16px&#8221; hover_enabled=&#8221;0&#8243; global_colors_info=&#8221;{}&#8221; sticky_enabled=&#8221;0&#8243;]<\/p>\n<h1>DES CONDITIONS D&#8217;UTILISATION DU SITE WEB DE SYNAXIOM<\/h1>\n<p>Derni\u00e8re mise \u00e0 jour : 03 avril 2024<\/p>\n<p>Bienvenue sur le site internet du SYNAXIOM, accessible \u00e0 l&#8217;adresse www.synaxiom.com (&#8221; le site internet &#8220;). SYNAXIOM fournit des informations sur NIVOMAX, notre plateforme de publication technique \u00e9lectronique interactive (IETP) et de manuel technique \u00e9lectronique interactif (IETM) con\u00e7ue pour les publications techniques a\u00e9ronautiques.<\/p>\n<p>En acc\u00e9dant \u00e0 notre site web ou en l&#8217;utilisant, vous acceptez d&#8217;\u00eatre li\u00e9 par les pr\u00e9sentes conditions d&#8217;utilisation (&#8220;conditions&#8221;). Si vous n&#8217;\u00eates pas d&#8217;accord avec une quelconque partie de ces conditions, veuillez ne pas utiliser notre site web.<\/p>\n<ol>\n<li><strong><\/strong> <strong>Acceptation des conditions<\/strong><\/li>\n<\/ol>\n<p>En utilisant notre site web, vous confirmez que vous acceptez les pr\u00e9sentes conditions et que vous vous engagez \u00e0 les respecter. Si vous n&#8217;acceptez pas ces conditions, vous ne devez pas utiliser notre site web.<\/p>\n<ol start=\"2\">\n<li><strong><\/strong> <strong>Modifications des Conditions<\/strong><\/li>\n<\/ol>\n<p>SYNAXIOM se r\u00e9serve le droit de mettre \u00e0 jour ou de modifier nos Conditions \u00e0 tout moment et sans pr\u00e9avis. La poursuite de l&#8217;utilisation du site web apr\u00e8s la publication de toute modification des conditions sera consid\u00e9r\u00e9e comme une acceptation de ces modifications.<\/p>\n<ol start=\"3\">\n<li><strong><\/strong> <strong>Acc\u00e8s au site web<\/strong><\/li>\n<\/ol>\n<p>L&#8217;acc\u00e8s \u00e0 notre site web est autoris\u00e9 sur une base temporaire. Nous pouvons suspendre, retirer, interrompre ou modifier tout ou partie de notre site web sans pr\u00e9avis. Nous ne serons pas responsables envers vous si, pour quelque raison que ce soit, notre site web est indisponible \u00e0 tout moment ou pour toute p\u00e9riode.<\/p>\n<ol start=\"4\">\n<li><strong><\/strong> <strong>Droits de propri\u00e9t\u00e9 intellectuelle<\/strong><\/li>\n<\/ol>\n<p>Le contenu de notre site web, y compris, mais sans s&#8217;y limiter, les textes, les graphiques, les logos, les images et les logiciels, est la propri\u00e9t\u00e9 de SYNAXIOM ou de ses conc\u00e9dants de licence et est prot\u00e9g\u00e9 par les droits d&#8217;auteur et d&#8217;autres lois sur la propri\u00e9t\u00e9 intellectuelle. Vous \u00eates autoris\u00e9 \u00e0 utiliser notre site web et son contenu pour votre usage personnel et non commercial uniquement.<\/p>\n<ol start=\"5\">\n<li><strong><\/strong> <strong>Utilisations interdites<\/strong><\/li>\n<\/ol>\n<p>Vous ne pouvez utiliser notre site web qu&#8217;\u00e0 des fins l\u00e9gales et conform\u00e9ment aux pr\u00e9sentes conditions. Vous vous engagez \u00e0 ne pas utiliser notre site web<\/p>\n<ul>\n<li>d&#8217;une mani\u00e8re qui enfreigne toute loi ou r\u00e9glementation f\u00e9d\u00e9rale, \u00e9tatique, provinciale, locale ou internationale applicable.<\/li>\n<li>Vous engager dans une conduite qui restreint ou emp\u00eache l&#8217;utilisation ou la jouissance du site web par quiconque, ou qui, comme nous le d\u00e9terminons, peut nuire \u00e0 SYNAXIOM ou aux utilisateurs du site web ou les exposer \u00e0 une responsabilit\u00e9.<\/li>\n<\/ul>\n<ol start=\"6\">\n<li><strong><\/strong> <strong>Exclusion de garantie<\/strong><\/li>\n<\/ol>\n<p>Notre site web et son contenu, y compris le contenu du Centre d&#8217;aide, sont fournis &#8220;en l&#8217;\u00e9tat&#8221; et &#8220;tels que disponibles&#8221; sans aucune garantie d&#8217;aucune sorte, qu&#8217;elle soit expresse ou implicite. SYNAXIOM d\u00e9cline toute garantie, expresse ou implicite, y compris, mais sans s&#8217;y limiter, les garanties implicites de qualit\u00e9 marchande et d&#8217;ad\u00e9quation \u00e0 un usage particulier.<\/p>\n<ol start=\"7\">\n<li><strong><\/strong> <strong>Limitation de responsabilit\u00e9<\/strong><\/li>\n<\/ol>\n<p>SYNAXIOM, ses affili\u00e9s, ou leurs conc\u00e9dants, prestataires de services, employ\u00e9s, agents, dirigeants ou administrateurs ne seront pas responsables des dommages de toute nature, en vertu de toute th\u00e9orie juridique, d\u00e9coulant de ou en relation avec votre utilisation ou votre incapacit\u00e9 \u00e0 utiliser notre site web, y compris le contenu du centre d&#8217;aide, tout site web li\u00e9 \u00e0 celui-ci, tout contenu de notre site web ou de ces autres sites web.<\/p>\n<ol start=\"8\">\n<li><strong><\/strong> <strong>Droit applicable<\/strong><\/li>\n<\/ol>\n<p>Les pr\u00e9sentes conditions et votre utilisation du site web sont r\u00e9gies par les lois du Qu\u00e9bec (Canada), sans tenir compte des principes de conflit de lois.<\/p>\n<ol start=\"9\">\n<li><strong><\/strong> <strong>Contact<\/strong><\/li>\n<\/ol>\n<p>Pour toute question relative aux pr\u00e9sentes conditions, veuillez communiquer avec SYNAXIOM \u00e0 l&#8217;adresse suivante : info@synaxiom.com.<\/p>\n<p>[\/et_pb_text][\/et_pb_column][\/et_pb_row][\/et_pb_section]<\/p>\n","protected":false},"excerpt":{"rendered":"<p>DES CONDITIONS D&#8217;UTILISATION DU SITE WEB DE SYNAXIOM Derni\u00e8re mise \u00e0 jour : 03 avril 2024 Bienvenue sur le site internet du SYNAXIOM, accessible \u00e0 l&#8217;adresse www.synaxiom.com (&#8221; le site internet &#8220;). SYNAXIOM fournit des informations sur NIVOMAX, notre plateforme de publication technique \u00e9lectronique interactive (IETP) et de manuel technique \u00e9lectronique interactif (IETM) con\u00e7ue pour [&hellip;]<\/p>\n","protected":false},"author":6,"featured_media":0,"parent":0,"menu_order":0,"comment_status":"closed","ping_status":"closed","template":"","meta":{"_et_pb_use_builder":"on","_et_pb_old_content":"","_et_gb_content_width":"","_monsterinsights_skip_tracking":false,"_monsterinsights_sitenote_active":false,"_monsterinsights_sitenote_note":"","_monsterinsights_sitenote_category":0,"footnotes":""},"class_list":["post-248232","page","type-page","status-publish","hentry"],"_links":{"self":[{"href":"https:\/\/www.synaxiom.com\/fr\/wp-json\/wp\/v2\/pages\/248232","targetHints":{"allow":["GET"]}}],"collection":[{"href":"https:\/\/www.synaxiom.com\/fr\/wp-json\/wp\/v2\/pages"}],"about":[{"href":"https:\/\/www.synaxiom.com\/fr\/wp-json\/wp\/v2\/types\/page"}],"author":[{"embeddable":true,"href":"https:\/\/www.synaxiom.com\/fr\/wp-json\/wp\/v2\/users\/6"}],"replies":[{"embeddable":true,"href":"https:\/\/www.synaxiom.com\/fr\/wp-json\/wp\/v2\/comments?post=248232"}],"version-history":[{"count":5,"href":"https:\/\/www.synaxiom.com\/fr\/wp-json\/wp\/v2\/pages\/248232\/revisions"}],"predecessor-version":[{"id":248237,"href":"https:\/\/www.synaxiom.com\/fr\/wp-json\/wp\/v2\/pages\/248232\/revisions\/248237"}],"wp:attachment":[{"href":"https:\/\/www.synaxiom.com\/fr\/wp-json\/wp\/v2\/media?parent=248232"}],"curies":[{"name":"wp","href":"https:\/\/api.w.org\/{rel}","templated":true}]}}